{"id":5882,"date":"2024-03-19T13:10:24","date_gmt":"2024-03-19T12:10:24","guid":{"rendered":"https:\/\/campsibiza.barcaacademy.com\/producto\/inscripcion-campus\/"},"modified":"2025-03-19T20:17:19","modified_gmt":"2025-03-19T19:17:19","slug":"inscripcion-campus","status":"publish","type":"product","link":"https:\/\/campsibiza.barcaacademy.com\/ca\/producto\/inscripcion-campus\/","title":{"rendered":"Inscripci\u00f3 Bar\u00e7a Academy Camp Ibiza"},"content":{"rendered":"<p>Inscripci\u00f3 a Bar\u00e7a Academy Camp Ibiza, que inclou equipaci\u00f3 Nike, 5 dies de campus, formaci\u00f3 esportiva, diploma, premis i molt m\u00e9s. Omple el seg\u00fcent formulari per realitzar una inscripci\u00f3.<\/p>\n","protected":false},"excerpt":{"rendered":"<p>Inscripci\u00f3 a Bar\u00e7a Academy Camp Ibiza, que inclou equipaci\u00f3 Nike, 5 dies de campus, formaci\u00f3 esportiva, diploma, premis i molt m\u00e9s. Omple el seg\u00fcent formulari per realitzar una inscripci\u00f3.<\/p>\n","protected":false},"featured_media":6237,"template":"","meta":{"inline_featured_image":false},"product_cat":[50],"product_tag":[],"class_list":{"0":"post-5882","1":"product","2":"type-product","3":"status-publish","4":"has-post-thumbnail","6":"product_cat-inscripciones-ca","8":"first","9":"outofstock","10":"virtual","11":"sold-individually","12":"taxable","13":"purchasable","14":"product-type-simple"},"yoast_head":"<!-- This site is optimized with the Yoast SEO plugin v24.8 - https:\/\/yoast.com\/wordpress\/plugins\/seo\/ -->\n<title>Inscripci\u00f3 Bar\u00e7a Academy Camp Ibiza<\/title>\n<meta name=\"description\" content=\"Inscripci\u00f3 a Bar\u00e7a Academy Camp Ibiza, que inclou equipaci\u00f3 Nike, 5 dies de campus, formaci\u00f3 esportiva, diploma, premis i molt m\u00e9s.\" \/>\n<meta name=\"robots\" content=\"index, follow, max-snippet:-1, max-image-preview:large, max-video-preview:-1\" \/>\n<link rel=\"canonical\" href=\"https:\/\/campsibiza.barcaacademy.com\/ca\/producto\/inscripcion-campus\/\" \/>\n<meta property=\"og:locale\" content=\"ca_ES\" \/>\n<meta property=\"og:type\" content=\"article\" \/>\n<meta property=\"og:title\" content=\"Inscripci\u00f3 Bar\u00e7a Academy Camp Ibiza\" \/>\n<meta property=\"og:description\" content=\"Inscripci\u00f3 a Bar\u00e7a Academy Camp Ibiza, que inclou equipaci\u00f3 Nike, 5 dies de campus, formaci\u00f3 esportiva, diploma, premis i molt m\u00e9s.\" \/>\n<meta property=\"og:url\" content=\"https:\/\/campsibiza.barcaacademy.com\/ca\/producto\/inscripcion-campus\/\" \/>\n<meta property=\"og:site_name\" content=\"Bar\u00e7a Academy Camp Ibiza\" \/>\n<meta property=\"article:publisher\" content=\"https:\/\/www.facebook.com\/BARCAACADEMY\/\" \/>\n<meta property=\"article:modified_time\" content=\"2025-03-19T19:17:19+00:00\" \/>\n<meta property=\"og:image\" content=\"https:\/\/campsibiza.barcaacademy.com\/wp-content\/uploads\/2024\/03\/barca-academy-ibiza-2025.jpg\" \/>\n\t<meta property=\"og:image:width\" content=\"1538\" \/>\n\t<meta property=\"og:image:height\" content=\"793\" \/>\n\t<meta property=\"og:image:type\" content=\"image\/jpeg\" \/>\n<meta name=\"twitter:card\" content=\"summary_large_image\" \/>\n<meta name=\"twitter:site\" content=\"@barcaacademy\" \/>\n<script type=\"application\/ld+json\" class=\"yoast-schema-graph\">{\"@context\":\"https:\/\/schema.org\",\"@graph\":[{\"@type\":\"WebPage\",\"@id\":\"https:\/\/campsibiza.barcaacademy.com\/ca\/producto\/inscripcion-campus\/\",\"url\":\"https:\/\/campsibiza.barcaacademy.com\/ca\/producto\/inscripcion-campus\/\",\"name\":\"Inscripci\u00f3 Bar\u00e7a Academy Camp Ibiza\",\"isPartOf\":{\"@id\":\"https:\/\/campsibiza.barcaacademy.com\/ca\/#website\"},\"primaryImageOfPage\":{\"@id\":\"https:\/\/campsibiza.barcaacademy.com\/ca\/producto\/inscripcion-campus\/#primaryimage\"},\"image\":{\"@id\":\"https:\/\/campsibiza.barcaacademy.com\/ca\/producto\/inscripcion-campus\/#primaryimage\"},\"thumbnailUrl\":\"https:\/\/campsibiza.barcaacademy.com\/wp-content\/uploads\/2024\/03\/barca-academy-ibiza-2025.jpg\",\"datePublished\":\"2024-03-19T12:10:24+00:00\",\"dateModified\":\"2025-03-19T19:17:19+00:00\",\"description\":\"Inscripci\u00f3 a Bar\u00e7a Academy Camp Ibiza, que inclou equipaci\u00f3 Nike, 5 dies de campus, formaci\u00f3 esportiva, diploma, premis i molt m\u00e9s.\",\"breadcrumb\":{\"@id\":\"https:\/\/campsibiza.barcaacademy.com\/ca\/producto\/inscripcion-campus\/#breadcrumb\"},\"inLanguage\":\"ca\",\"potentialAction\":[{\"@type\":\"ReadAction\",\"target\":[\"https:\/\/campsibiza.barcaacademy.com\/ca\/producto\/inscripcion-campus\/\"]}]},{\"@type\":\"ImageObject\",\"inLanguage\":\"ca\",\"@id\":\"https:\/\/campsibiza.barcaacademy.com\/ca\/producto\/inscripcion-campus\/#primaryimage\",\"url\":\"https:\/\/campsibiza.barcaacademy.com\/wp-content\/uploads\/2024\/03\/barca-academy-ibiza-2025.jpg\",\"contentUrl\":\"https:\/\/campsibiza.barcaacademy.com\/wp-content\/uploads\/2024\/03\/barca-academy-ibiza-2025.jpg\",\"width\":1538,\"height\":793,\"caption\":\"Camps Bar\u00e7a Academy 2025\"},{\"@type\":\"BreadcrumbList\",\"@id\":\"https:\/\/campsibiza.barcaacademy.com\/ca\/producto\/inscripcion-campus\/#breadcrumb\",\"itemListElement\":[{\"@type\":\"ListItem\",\"position\":1,\"name\":\"Portada\",\"item\":\"https:\/\/campsibiza.barcaacademy.com\/ca\/\"},{\"@type\":\"ListItem\",\"position\":2,\"name\":\"Tienda\",\"item\":\"https:\/\/campsibiza.barcaacademy.com\/ca\/tienda-2\/\"},{\"@type\":\"ListItem\",\"position\":3,\"name\":\"Inscripci\u00f3 Bar\u00e7a Academy Camp Ibiza\"}]},{\"@type\":\"WebSite\",\"@id\":\"https:\/\/campsibiza.barcaacademy.com\/ca\/#website\",\"url\":\"https:\/\/campsibiza.barcaacademy.com\/ca\/\",\"name\":\"Bar\u00e7a Academy Camp Ibiza\",\"description\":\"Campus de f\u00fatbol oficial Bar\u00e7a Academy en Ibiza, que se celebrar\u00e1 del 24 al 28 de junio de 2024.\",\"publisher\":{\"@id\":\"https:\/\/campsibiza.barcaacademy.com\/ca\/#organization\"},\"potentialAction\":[{\"@type\":\"SearchAction\",\"target\":{\"@type\":\"EntryPoint\",\"urlTemplate\":\"https:\/\/campsibiza.barcaacademy.com\/ca\/?s={search_term_string}\"},\"query-input\":{\"@type\":\"PropertyValueSpecification\",\"valueRequired\":true,\"valueName\":\"search_term_string\"}}],\"inLanguage\":\"ca\"},{\"@type\":\"Organization\",\"@id\":\"https:\/\/campsibiza.barcaacademy.com\/ca\/#organization\",\"name\":\"Bar\u00e7a Academy Camp Ibiza\",\"url\":\"https:\/\/campsibiza.barcaacademy.com\/ca\/\",\"logo\":{\"@type\":\"ImageObject\",\"inLanguage\":\"ca\",\"@id\":\"https:\/\/campsibiza.barcaacademy.com\/ca\/#\/schema\/logo\/image\/\",\"url\":\"https:\/\/campsibiza.barcaacademy.com\/wp-content\/uploads\/2024\/03\/favicon-512.png\",\"contentUrl\":\"https:\/\/campsibiza.barcaacademy.com\/wp-content\/uploads\/2024\/03\/favicon-512.png\",\"width\":512,\"height\":512,\"caption\":\"Bar\u00e7a Academy Camp Ibiza\"},\"image\":{\"@id\":\"https:\/\/campsibiza.barcaacademy.com\/ca\/#\/schema\/logo\/image\/\"},\"sameAs\":[\"https:\/\/www.facebook.com\/BARCAACADEMY\/\",\"https:\/\/x.com\/barcaacademy\",\"https:\/\/www.instagram.com\/barcaacademy\/?hl=en\"]}]}<\/script>\n<!-- \/ Yoast SEO plugin. -->","yoast_head_json":{"title":"Inscripci\u00f3 Bar\u00e7a Academy Camp Ibiza","description":"Inscripci\u00f3 a Bar\u00e7a Academy Camp Ibiza, que inclou equipaci\u00f3 Nike, 5 dies de campus, formaci\u00f3 esportiva, diploma, premis i molt m\u00e9s.","robots":{"index":"index","follow":"follow","max-snippet":"max-snippet:-1","max-image-preview":"max-image-preview:large","max-video-preview":"max-video-preview:-1"},"canonical":"https:\/\/campsibiza.barcaacademy.com\/ca\/producto\/inscripcion-campus\/","og_locale":"ca_ES","og_type":"article","og_title":"Inscripci\u00f3 Bar\u00e7a Academy Camp Ibiza","og_description":"Inscripci\u00f3 a Bar\u00e7a Academy Camp Ibiza, que inclou equipaci\u00f3 Nike, 5 dies de campus, formaci\u00f3 esportiva, diploma, premis i molt m\u00e9s.","og_url":"https:\/\/campsibiza.barcaacademy.com\/ca\/producto\/inscripcion-campus\/","og_site_name":"Bar\u00e7a Academy Camp Ibiza","article_publisher":"https:\/\/www.facebook.com\/BARCAACADEMY\/","article_modified_time":"2025-03-19T19:17:19+00:00","og_image":[{"width":1538,"height":793,"url":"https:\/\/campsibiza.barcaacademy.com\/wp-content\/uploads\/2024\/03\/barca-academy-ibiza-2025.jpg","type":"image\/jpeg"}],"twitter_card":"summary_large_image","twitter_site":"@barcaacademy","schema":{"@context":"https:\/\/schema.org","@graph":[{"@type":"WebPage","@id":"https:\/\/campsibiza.barcaacademy.com\/ca\/producto\/inscripcion-campus\/","url":"https:\/\/campsibiza.barcaacademy.com\/ca\/producto\/inscripcion-campus\/","name":"Inscripci\u00f3 Bar\u00e7a Academy Camp Ibiza","isPartOf":{"@id":"https:\/\/campsibiza.barcaacademy.com\/ca\/#website"},"primaryImageOfPage":{"@id":"https:\/\/campsibiza.barcaacademy.com\/ca\/producto\/inscripcion-campus\/#primaryimage"},"image":{"@id":"https:\/\/campsibiza.barcaacademy.com\/ca\/producto\/inscripcion-campus\/#primaryimage"},"thumbnailUrl":"https:\/\/campsibiza.barcaacademy.com\/wp-content\/uploads\/2024\/03\/barca-academy-ibiza-2025.jpg","datePublished":"2024-03-19T12:10:24+00:00","dateModified":"2025-03-19T19:17:19+00:00","description":"Inscripci\u00f3 a Bar\u00e7a Academy Camp Ibiza, que inclou equipaci\u00f3 Nike, 5 dies de campus, formaci\u00f3 esportiva, diploma, premis i molt m\u00e9s.","breadcrumb":{"@id":"https:\/\/campsibiza.barcaacademy.com\/ca\/producto\/inscripcion-campus\/#breadcrumb"},"inLanguage":"ca","potentialAction":[{"@type":"ReadAction","target":["https:\/\/campsibiza.barcaacademy.com\/ca\/producto\/inscripcion-campus\/"]}]},{"@type":"ImageObject","inLanguage":"ca","@id":"https:\/\/campsibiza.barcaacademy.com\/ca\/producto\/inscripcion-campus\/#primaryimage","url":"https:\/\/campsibiza.barcaacademy.com\/wp-content\/uploads\/2024\/03\/barca-academy-ibiza-2025.jpg","contentUrl":"https:\/\/campsibiza.barcaacademy.com\/wp-content\/uploads\/2024\/03\/barca-academy-ibiza-2025.jpg","width":1538,"height":793,"caption":"Camps Bar\u00e7a Academy 2025"},{"@type":"BreadcrumbList","@id":"https:\/\/campsibiza.barcaacademy.com\/ca\/producto\/inscripcion-campus\/#breadcrumb","itemListElement":[{"@type":"ListItem","position":1,"name":"Portada","item":"https:\/\/campsibiza.barcaacademy.com\/ca\/"},{"@type":"ListItem","position":2,"name":"Tienda","item":"https:\/\/campsibiza.barcaacademy.com\/ca\/tienda-2\/"},{"@type":"ListItem","position":3,"name":"Inscripci\u00f3 Bar\u00e7a Academy Camp Ibiza"}]},{"@type":"WebSite","@id":"https:\/\/campsibiza.barcaacademy.com\/ca\/#website","url":"https:\/\/campsibiza.barcaacademy.com\/ca\/","name":"Bar\u00e7a Academy Camp Ibiza","description":"Campus de f\u00fatbol oficial Bar\u00e7a Academy en Ibiza, que se celebrar\u00e1 del 24 al 28 de junio de 2024.","publisher":{"@id":"https:\/\/campsibiza.barcaacademy.com\/ca\/#organization"},"potentialAction":[{"@type":"SearchAction","target":{"@type":"EntryPoint","urlTemplate":"https:\/\/campsibiza.barcaacademy.com\/ca\/?s={search_term_string}"},"query-input":{"@type":"PropertyValueSpecification","valueRequired":true,"valueName":"search_term_string"}}],"inLanguage":"ca"},{"@type":"Organization","@id":"https:\/\/campsibiza.barcaacademy.com\/ca\/#organization","name":"Bar\u00e7a Academy Camp Ibiza","url":"https:\/\/campsibiza.barcaacademy.com\/ca\/","logo":{"@type":"ImageObject","inLanguage":"ca","@id":"https:\/\/campsibiza.barcaacademy.com\/ca\/#\/schema\/logo\/image\/","url":"https:\/\/campsibiza.barcaacademy.com\/wp-content\/uploads\/2024\/03\/favicon-512.png","contentUrl":"https:\/\/campsibiza.barcaacademy.com\/wp-content\/uploads\/2024\/03\/favicon-512.png","width":512,"height":512,"caption":"Bar\u00e7a Academy Camp Ibiza"},"image":{"@id":"https:\/\/campsibiza.barcaacademy.com\/ca\/#\/schema\/logo\/image\/"},"sameAs":["https:\/\/www.facebook.com\/BARCAACADEMY\/","https:\/\/x.com\/barcaacademy","https:\/\/www.instagram.com\/barcaacademy\/?hl=en"]}]}},"_links":{"self":[{"href":"https:\/\/campsibiza.barcaacademy.com\/ca\/wp-json\/wp\/v2\/product\/5882","targetHints":{"allow":["GET"]}}],"collection":[{"href":"https:\/\/campsibiza.barcaacademy.com\/ca\/wp-json\/wp\/v2\/product"}],"about":[{"href":"https:\/\/campsibiza.barcaacademy.com\/ca\/wp-json\/wp\/v2\/types\/product"}],"version-history":[{"count":2,"href":"https:\/\/campsibiza.barcaacademy.com\/ca\/wp-json\/wp\/v2\/product\/5882\/revisions"}],"predecessor-version":[{"id":5887,"href":"https:\/\/campsibiza.barcaacademy.com\/ca\/wp-json\/wp\/v2\/product\/5882\/revisions\/5887"}],"wp:featuredmedia":[{"embeddable":true,"href":"https:\/\/campsibiza.barcaacademy.com\/ca\/wp-json\/wp\/v2\/media\/6237"}],"wp:attachment":[{"href":"https:\/\/campsibiza.barcaacademy.com\/ca\/wp-json\/wp\/v2\/media?parent=5882"}],"wp:term":[{"taxonomy":"product_cat","embeddable":true,"href":"https:\/\/campsibiza.barcaacademy.com\/ca\/wp-json\/wp\/v2\/product_cat?post=5882"},{"taxonomy":"product_tag","embeddable":true,"href":"https:\/\/campsibiza.barcaacademy.com\/ca\/wp-json\/wp\/v2\/product_tag?post=5882"}],"curies":[{"name":"wp","href":"https:\/\/api.w.org\/{rel}","templated":true}]}}